{"id":6391,"date":"2024-01-30T16:34:15","date_gmt":"2024-01-30T15:34:15","guid":{"rendered":"https:\/\/fimhoods.com\/productos\/motores-remotos\/"},"modified":"2024-01-31T09:09:28","modified_gmt":"2024-01-31T08:09:28","slug":"motores-remotos","status":"publish","type":"page","link":"https:\/\/fimhoods.com\/es\/productos\/motores-remotos\/","title":{"rendered":"Motores remotos"},"content":{"rendered":"\n<h1 class=\"m-0 p-0 fw-semi-bold display-4 mb-4 wp-block-heading\">Motores remotos<\/h1>\n\n<p>Gracias al uso de motores remotos, que pueden situarse lejos de la zona de cocci\u00f3n, se puede reducir el nivel de ruido percibido y mantener siempre un alt\u00edsimo rendimiento de aspiraci\u00f3n. Existen varias soluciones: motores instalados en el exterior, en la pared o en el techo, dentro de la vivienda o incluso ocultos en el z\u00f3calo del mueble de la cocina.<\/p>\n","protected":false},"excerpt":{"rendered":"<p>Motores remotos Gracias al uso de motores remotos, que pueden situarse lejos de la zona de cocci\u00f3n, se puede reducir el nivel de ruido percibido y mantener siempre un alt\u00edsimo rendimiento de aspiraci\u00f3n. Existen varias soluciones: motores instalados en el exterior, en la pared o en el techo, dentro de la vivienda o incluso ocultos [&hellip;]<\/p>\n","protected":false},"author":1,"featured_media":0,"parent":6315,"menu_order":0,"comment_status":"closed","ping_status":"closed","template":"page-template\/categoria-prodotti.php","meta":{"_acf_changed":false,"inline_featured_image":false,"footnotes":""},"class_list":["post-6391","page","type-page","status-publish","hentry"],"acf":[],"yoast_head":"<!-- This site is optimized with the Yoast SEO plugin v23.0 - https:\/\/yoast.com\/wordpress\/plugins\/seo\/ -->\n<title>Motores remotos - FIM<\/title>\n<meta name=\"description\" content=\"Gracias al uso de motores remotos, que pueden situarse lejos de la zona de cocci\u00f3n, se puede reducir el nivel de ruido percibido y mantener siempre un alt\u00edsimo rendimiento de aspiraci\u00f3n. Existen varias soluciones: motores instalados en el exterior, en la pared o en el techo, dentro de la vivienda o incluso ocultos en el z\u00f3calo del mueble de la cocina.\" \/>\n<meta name=\"robots\" content=\"index, follow, max-snippet:-1, max-image-preview:large, max-video-preview:-1\" \/>\n<link rel=\"canonical\" href=\"https:\/\/fimhoods.com\/es\/productos\/motores-remotos\/\" \/>\n<meta property=\"og:locale\" content=\"es_ES\" \/>\n<meta property=\"og:type\" content=\"article\" \/>\n<meta property=\"og:title\" content=\"Motores remotos - FIM\" \/>\n<meta property=\"og:description\" content=\"Gracias al uso de motores remotos, que pueden situarse lejos de la zona de cocci\u00f3n, se puede reducir el nivel de ruido percibido y mantener siempre un alt\u00edsimo rendimiento de aspiraci\u00f3n. Existen varias soluciones: motores instalados en el exterior, en la pared o en el techo, dentro de la vivienda o incluso ocultos en el z\u00f3calo del mueble de la cocina.\" \/>\n<meta property=\"og:url\" content=\"https:\/\/fimhoods.com\/es\/productos\/motores-remotos\/\" \/>\n<meta property=\"og:site_name\" content=\"FIM\" \/>\n<meta property=\"article:modified_time\" content=\"2024-01-31T08:09:28+00:00\" \/>\n<meta name=\"twitter:card\" content=\"summary_large_image\" \/>\n<meta name=\"twitter:title\" content=\"Motores remotos - FIM\" \/>\n<meta name=\"twitter:description\" content=\"Gracias al uso de motores remotos, que pueden situarse lejos de la zona de cocci\u00f3n, se puede reducir el nivel de ruido percibido y mantener siempre un alt\u00edsimo rendimiento de aspiraci\u00f3n. Existen varias soluciones: motores instalados en el exterior, en la pared o en el techo, dentro de la vivienda o incluso ocultos en el z\u00f3calo del mueble de la cocina.\" \/>\n<meta name=\"twitter:label1\" content=\"Tiempo de lectura\" \/>\n\t<meta name=\"twitter:data1\" content=\"1 minuto\" \/>\n<script type=\"application\/ld+json\" class=\"yoast-schema-graph\">{\"@context\":\"https:\/\/schema.org\",\"@graph\":[{\"@type\":\"WebPage\",\"@id\":\"https:\/\/fimhoods.com\/es\/productos\/motores-remotos\/\",\"url\":\"https:\/\/fimhoods.com\/es\/productos\/motores-remotos\/\",\"name\":\"Motores remotos - FIM\",\"isPartOf\":{\"@id\":\"https:\/\/fimhoods.com\/es\/#website\"},\"datePublished\":\"2024-01-30T15:34:15+00:00\",\"dateModified\":\"2024-01-31T08:09:28+00:00\",\"description\":\"Gracias al uso de motores remotos, que pueden situarse lejos de la zona de cocci\u00f3n, se puede reducir el nivel de ruido percibido y mantener siempre un alt\u00edsimo rendimiento de aspiraci\u00f3n. Existen varias soluciones: motores instalados en el exterior, en la pared o en el techo, dentro de la vivienda o incluso ocultos en el z\u00f3calo del mueble de la cocina.\",\"breadcrumb\":{\"@id\":\"https:\/\/fimhoods.com\/es\/productos\/motores-remotos\/#breadcrumb\"},\"inLanguage\":\"es\",\"potentialAction\":[{\"@type\":\"ReadAction\",\"target\":[\"https:\/\/fimhoods.com\/es\/productos\/motores-remotos\/\"]}]},{\"@type\":\"BreadcrumbList\",\"@id\":\"https:\/\/fimhoods.com\/es\/productos\/motores-remotos\/#breadcrumb\",\"itemListElement\":[{\"@type\":\"ListItem\",\"position\":1,\"name\":\"Home\",\"item\":\"https:\/\/fimhoods.com\/es\/\"},{\"@type\":\"ListItem\",\"position\":2,\"name\":\"Productos\",\"item\":\"https:\/\/fimhoods.com\/es\/productos\/\"},{\"@type\":\"ListItem\",\"position\":3,\"name\":\"Motores remotos\"}]},{\"@type\":\"WebSite\",\"@id\":\"https:\/\/fimhoods.com\/es\/#website\",\"url\":\"https:\/\/fimhoods.com\/es\/\",\"name\":\"FIM\",\"description\":\"airworks\",\"potentialAction\":[{\"@type\":\"SearchAction\",\"target\":{\"@type\":\"EntryPoint\",\"urlTemplate\":\"https:\/\/fimhoods.com\/es\/?s={search_term_string}\"},\"query-input\":\"required name=search_term_string\"}],\"inLanguage\":\"es\"}]}<\/script>\n<!-- \/ Yoast SEO plugin. -->","yoast_head_json":{"title":"Motores remotos - FIM","description":"Gracias al uso de motores remotos, que pueden situarse lejos de la zona de cocci\u00f3n, se puede reducir el nivel de ruido percibido y mantener siempre un alt\u00edsimo rendimiento de aspiraci\u00f3n. Existen varias soluciones: motores instalados en el exterior, en la pared o en el techo, dentro de la vivienda o incluso ocultos en el z\u00f3calo del mueble de la cocina.","robots":{"index":"index","follow":"follow","max-snippet":"max-snippet:-1","max-image-preview":"max-image-preview:large","max-video-preview":"max-video-preview:-1"},"canonical":"https:\/\/fimhoods.com\/es\/productos\/motores-remotos\/","og_locale":"es_ES","og_type":"article","og_title":"Motores remotos - FIM","og_description":"Gracias al uso de motores remotos, que pueden situarse lejos de la zona de cocci\u00f3n, se puede reducir el nivel de ruido percibido y mantener siempre un alt\u00edsimo rendimiento de aspiraci\u00f3n. Existen varias soluciones: motores instalados en el exterior, en la pared o en el techo, dentro de la vivienda o incluso ocultos en el z\u00f3calo del mueble de la cocina.","og_url":"https:\/\/fimhoods.com\/es\/productos\/motores-remotos\/","og_site_name":"FIM","article_modified_time":"2024-01-31T08:09:28+00:00","twitter_card":"summary_large_image","twitter_title":"Motores remotos - FIM","twitter_description":"Gracias al uso de motores remotos, que pueden situarse lejos de la zona de cocci\u00f3n, se puede reducir el nivel de ruido percibido y mantener siempre un alt\u00edsimo rendimiento de aspiraci\u00f3n. Existen varias soluciones: motores instalados en el exterior, en la pared o en el techo, dentro de la vivienda o incluso ocultos en el z\u00f3calo del mueble de la cocina.","twitter_misc":{"Tiempo de lectura":"1 minuto"},"schema":{"@context":"https:\/\/schema.org","@graph":[{"@type":"WebPage","@id":"https:\/\/fimhoods.com\/es\/productos\/motores-remotos\/","url":"https:\/\/fimhoods.com\/es\/productos\/motores-remotos\/","name":"Motores remotos - FIM","isPartOf":{"@id":"https:\/\/fimhoods.com\/es\/#website"},"datePublished":"2024-01-30T15:34:15+00:00","dateModified":"2024-01-31T08:09:28+00:00","description":"Gracias al uso de motores remotos, que pueden situarse lejos de la zona de cocci\u00f3n, se puede reducir el nivel de ruido percibido y mantener siempre un alt\u00edsimo rendimiento de aspiraci\u00f3n. Existen varias soluciones: motores instalados en el exterior, en la pared o en el techo, dentro de la vivienda o incluso ocultos en el z\u00f3calo del mueble de la cocina.","breadcrumb":{"@id":"https:\/\/fimhoods.com\/es\/productos\/motores-remotos\/#breadcrumb"},"inLanguage":"es","potentialAction":[{"@type":"ReadAction","target":["https:\/\/fimhoods.com\/es\/productos\/motores-remotos\/"]}]},{"@type":"BreadcrumbList","@id":"https:\/\/fimhoods.com\/es\/productos\/motores-remotos\/#breadcrumb","itemListElement":[{"@type":"ListItem","position":1,"name":"Home","item":"https:\/\/fimhoods.com\/es\/"},{"@type":"ListItem","position":2,"name":"Productos","item":"https:\/\/fimhoods.com\/es\/productos\/"},{"@type":"ListItem","position":3,"name":"Motores remotos"}]},{"@type":"WebSite","@id":"https:\/\/fimhoods.com\/es\/#website","url":"https:\/\/fimhoods.com\/es\/","name":"FIM","description":"airworks","potentialAction":[{"@type":"SearchAction","target":{"@type":"EntryPoint","urlTemplate":"https:\/\/fimhoods.com\/es\/?s={search_term_string}"},"query-input":"required name=search_term_string"}],"inLanguage":"es"}]}},"_links":{"self":[{"href":"https:\/\/fimhoods.com\/es\/wp-json\/wp\/v2\/pages\/6391","targetHints":{"allow":["GET"]}}],"collection":[{"href":"https:\/\/fimhoods.com\/es\/wp-json\/wp\/v2\/pages"}],"about":[{"href":"https:\/\/fimhoods.com\/es\/wp-json\/wp\/v2\/types\/page"}],"author":[{"embeddable":true,"href":"https:\/\/fimhoods.com\/es\/wp-json\/wp\/v2\/users\/1"}],"replies":[{"embeddable":true,"href":"https:\/\/fimhoods.com\/es\/wp-json\/wp\/v2\/comments?post=6391"}],"version-history":[{"count":2,"href":"https:\/\/fimhoods.com\/es\/wp-json\/wp\/v2\/pages\/6391\/revisions"}],"predecessor-version":[{"id":6546,"href":"https:\/\/fimhoods.com\/es\/wp-json\/wp\/v2\/pages\/6391\/revisions\/6546"}],"up":[{"embeddable":true,"href":"https:\/\/fimhoods.com\/es\/wp-json\/wp\/v2\/pages\/6315"}],"wp:attachment":[{"href":"https:\/\/fimhoods.com\/es\/wp-json\/wp\/v2\/media?parent=6391"}],"curies":[{"name":"wp","href":"https:\/\/api.w.org\/{rel}","templated":true}]}}